{"id":1365,"date":"2016-05-14T10:26:08","date_gmt":"2016-05-14T09:26:08","guid":{"rendered":"http:\/\/www.sindite.pt\/?page_id=1365"},"modified":"2021-12-28T17:34:37","modified_gmt":"2021-12-28T17:34:37","slug":"torne-se-socio","status":"publish","type":"page","link":"https:\/\/www.sindite.pt\/?page_id=1365","title":{"rendered":"Torne-se s\u00f3cio"},"content":{"rendered":"<div style=\"width: 95%; display: inline-block; margin-left: 20px; margin-right: 20px; vertical-align: middle;\">\n<p style=\"text-align: justify;\">O SINDITE \u2013 Sindicato dos T\u00e9cnicos Superiores de Diagn\u00f3stico e Terap\u00eautica:<\/p>\n<p style=\"text-align: justify;\">&#8211; Defende os interesses e os direitos laborais dos seus associados.<\/p>\n<p style=\"text-align: justify;\">&#8211; Participa na elabora\u00e7\u00e3o das Leis do trabalho, nos termos estabelecidos pela Lei, zelando pelo seu cumprimento.<\/p>\n<p style=\"text-align: justify;\">&#8211; Interv\u00e9m na negocia\u00e7\u00e3o de carreiras e contratos coletivos de trabalho, visando a cria\u00e7\u00e3o de regras que definam e melhorem as condi\u00e7\u00f5es de exerc\u00edcio profissional e de qualidade de vida dos profissionais de diagn\u00f3stico e terap\u00eautica.<\/p>\n<p style=\"text-align: justify;\">&#8211; Apoia e enquadra, pela forma considerada mais adequada e correta as reivindica\u00e7\u00f5es dos seus associados.<\/p>\n<p style=\"text-align: justify;\">&#8211; Defende e promove a Forma\u00e7\u00e3o, numa perspetiva de enriquecimento de conhecimentos e melhoria de condi\u00e7\u00f5es no exerc\u00edcio, atrav\u00e9s de Cursos, Encontros, Semin\u00e1rios e outros. Promove, ainda, Forma\u00e7\u00e3o p\u00f3s graduada, decorrente de protocolos com Institui\u00e7\u00f5es de Ensino Superior de refer\u00eancia, com custos mais favor\u00e1veis.<\/p>\n<p style=\"text-align: justify;\">&#8211; Proporciona aos seus associados, gratuitamente, um Seguro de Responsabilidade Civil Profissional, decorrente de uma ap\u00f3lice coletiva, com a Companhia de Seguros Tranquilidade, S.A.<\/p>\n<p style=\"text-align: justify;\">&#8211; Est\u00e1 permanentemente dispon\u00edvel para esclarecer, aconselhar e apoiar os seus associados, atrav\u00e9s de informa\u00e7\u00e3o atualizada sobre regalias e direitos que as Leis e Instrumentos de Regula\u00e7\u00e3o Coletiva lhe conferem atrav\u00e9s no nosso site, e-mail, telefone, ou, pessoalmente na Sede ou Delega\u00e7\u00e3o.<\/p>\n<p style=\"text-align: justify;\">&#8211; Apoia e interv\u00e9m, atrav\u00e9s do Gabinete Jur\u00eddico, de forma personalizada ou coletiva, na defesa dos seus associados, na presta\u00e7\u00e3o de servi\u00e7os de informa\u00e7\u00e3o e assessoria jur\u00eddicas e patroc\u00ednio judici\u00e1rio gratuitos para os seus associados, sendo que constitu\u00ed encargo do associado o pagamento de taxas de justi\u00e7a e demais despesas judiciais e n\u00e3o judiciais.<\/p>\n<p style=\"text-align: justify;\">Todos os associados podem usufruir dos protocolos\/parcerias que o SINDITE tem com algumas institui\u00e7\u00f5es, nomeadamente: Banco Santander Totta, Hertz e com a UGT- Uni\u00e3o geral de Trabalhadores.<\/p>\n<p style=\"text-align: justify;\">O Associado do SINDITE &#8211; Sindicato dos T\u00e9cnicos Superiores de Diagn\u00f3stico e Terap\u00eautica, beneficia de v\u00e1rios direitos consignados na Lei, tais como: eleger e ser eleito para os Corpos Sociais do Sindicato, ou ser Delegado Sindical.<\/p>\n<p style=\"text-align: justify;\">A quotiza\u00e7\u00e3o sindical de 1% sobre a retribui\u00e7\u00e3o mensal il\u00edquida sendo dedut\u00edvel para efeitos de IRS.<\/p>\n<p style=\"text-align: justify;\">Preencha os seguintes question\u00e1rios, assine digitalmente ou imprima e assine e envie para <a href=\"mailto:geral@sindite.pt\">geral@sindite.pt<\/a><\/p>\n<p><a href=\"https:\/\/www.sindite.pt\/wp-content\/uploads\/2021\/12\/BOLETIM-DE-INSCRICAO_2022.pdf\">Boletim de Inscri\u00e7\u00e3o<\/a><\/p>\n<p><a href=\"https:\/\/www.sindite.pt\/wp-content\/uploads\/2021\/12\/DECLARACAO-DESCONTO-VENCIMENTO.pdf\">Declara\u00e7\u00e3o de Desconto no Vencimento<\/a><\/p>\n<\/div>\n","protected":false},"excerpt":{"rendered":"<p>O SINDITE \u2013 Sindicato dos T\u00e9cnicos Superiores de Diagn\u00f3stico e Terap\u00eautica: &#8211; Defende os interesses e os direitos laborais dos seus associados. &#8211; Participa na elabora\u00e7\u00e3o das Leis do trabalho, nos termos estabelecidos pela Lei, zelando pelo seu cumprimento. &#8211; Interv\u00e9m na negocia\u00e7\u00e3o de carreiras e contratos coletivos de trabalho, visando a cria\u00e7\u00e3o de regras [&hellip;]<\/p>\n","protected":false},"author":3,"featured_media":0,"parent":0,"menu_order":0,"comment_status":"closed","ping_status":"closed","template":"","meta":{"footnotes":""},"class_list":["post-1365","page","type-page","status-publish","hentry"],"_links":{"self":[{"href":"https:\/\/www.sindite.pt\/index.php?rest_route=\/wp\/v2\/pages\/1365","targetHints":{"allow":["GET"]}}],"collection":[{"href":"https:\/\/www.sindite.pt\/index.php?rest_route=\/wp\/v2\/pages"}],"about":[{"href":"https:\/\/www.sindite.pt\/index.php?rest_route=\/wp\/v2\/types\/page"}],"author":[{"embeddable":true,"href":"https:\/\/www.sindite.pt\/index.php?rest_route=\/wp\/v2\/users\/3"}],"replies":[{"embeddable":true,"href":"https:\/\/www.sindite.pt\/index.php?rest_route=%2Fwp%2Fv2%2Fcomments&post=1365"}],"version-history":[{"count":2,"href":"https:\/\/www.sindite.pt\/index.php?rest_route=\/wp\/v2\/pages\/1365\/revisions"}],"predecessor-version":[{"id":3560,"href":"https:\/\/www.sindite.pt\/index.php?rest_route=\/wp\/v2\/pages\/1365\/revisions\/3560"}],"wp:attachment":[{"href":"https:\/\/www.sindite.pt\/index.php?rest_route=%2Fwp%2Fv2%2Fmedia&parent=1365"}],"curies":[{"name":"wp","href":"https:\/\/api.w.org\/{rel}","templated":true}]}}