{"id":1136,"date":"2015-07-04T10:49:59","date_gmt":"2015-07-04T10:49:59","guid":{"rendered":"http:\/\/www.sindite.pt\/?page_id=1136"},"modified":"2022-07-28T00:49:09","modified_gmt":"2022-07-27T23:49:09","slug":"historial","status":"publish","type":"page","link":"https:\/\/www.sindite.pt\/?page_id=1136","title":{"rendered":"Historial"},"content":{"rendered":"<p><span style=\"color: #000000; font-family: helvetica; font-size: 10pt;\"> <b>Assembleia Constituinte<\/b><br \/>\n13 de Dezembro de 1979<\/span><\/p>\n<p><span style=\"color: #000000; font-family: helvetica; font-size: 10pt;\"> <b>Estatutos publicados em BTE<\/b><br \/>\n08 de Mar\u00e7o de 1980<\/span><\/p>\n<p><span style=\"color: #000000; font-family: helvetica; font-size: 10pt;\"> <b>Congressos:<\/b><br \/>\n1.\u00ba &#8211; 28 de Junho de 1980 \u2013 Porto<br \/>\n2.\u00ba &#8211; 19 de Junho de 1983 \u2013 Espinho<br \/>\n3.\u00ba &#8211; 27 de Junho de 1987 \u2013 Lisboa<br \/>\n4.\u00ba &#8211; 27 de Junho de 1992 \u2013 Lisboa<br \/>\n5.\u00ba &#8211; 22 de Junho de 1996 \u2013 Lisboa<br \/>\n6.\u00ba &#8211; 27 de Novembro de 1999 \u2013 Lisboa<br \/>\n7.\u00ba &#8211; 28 de Junho de 2003 \u2013 Porto<br \/>\n8\u00ba &#8211; 27 de Maio de 2007 \u2013 Vimeiro<br \/>\n9\u00ba Extraordin\u00e1rio \u2013 31 de Maio de 2008 \u2013 Porto<\/span><span style=\"color: #000000; font-family: helvetica; font-size: 10pt;\"><br \/>\n10\u00ba &#8211; 27 de Maio de 2012<br \/>\n11\u00ba &#8211; 21 de maio de 2016<br \/>\n12\u00ba &#8211; 23 de outubro de 2021<\/span><\/p>\n<p><span style=\"color: #000000; font-family: helvetica; font-size: 10pt;\"> Em cada um destes Congressos, depois de ter sido apresentado o Relat\u00f3rio de Atividades do mandato, foi aprovado um Plano de A\u00e7\u00e3o para o seguinte, bem como se procedeu \u00e0 elei\u00e7\u00e3o, por voto secreto, de novos corpos gerentes.<\/span><\/p>\n<p><span style=\"color: #000000; font-family: helvetica; font-size: 10pt;\"> <b>RAZ\u00d5ES DA SUA CRIA\u00c7\u00c3O<\/b><br \/>\nInexist\u00eancia \u00e0 \u00e9poca, de um sindicato de \u00e2mbito nacional espec\u00edfico para estas profiss\u00f5es da sa\u00fade que fosse regido pelos princ\u00edpios do sindicalismo democr\u00e1tico.<\/span><\/p>\n<p><span style=\"color: #000000; font-family: helvetica; font-size: 10pt;\"> Estatutariamente \u00e9 uma organiza\u00e7\u00e3o aut\u00f3noma, independente do patronato, do estado, das confiss\u00f5es religiosas, dos partidos pol\u00edticos ou de quaisquer outras associa\u00e7\u00f5es de natureza pol\u00edtica.<\/span><\/p>\n<p><span style=\"color: #000000; font-family: helvetica; font-size: 10pt;\"> Neste contexto, foi o 1.\u00ba dos novos sindicatos formados no \u00e2mbito da UGT.<\/span><\/p>\n<p><span style=\"color: #000000; font-family: helvetica; font-size: 10pt;\"> <b>FORMA\u00c7\u00c3O COMPLEMENTAR<\/b><br \/>\nCabendo prioritariamente \u00e0s Escolas Superiores de Tecnologia da Sa\u00fade e Associa\u00e7\u00f5es Profissionais dinamizar e incentivar a forma\u00e7\u00e3o espec\u00edfica de cada profiss\u00e3o, resta aos sindicatos ocuparem-se com uma forma\u00e7\u00e3o mais abrangente.<\/span><\/p>\n<p><span style=\"color: #000000; font-family: helvetica; font-size: 10pt;\"> Neste contexto, o SINDITE levou a efeito v\u00e1rios cursos no Norte, Centro e Sul do Pa\u00eds, versando temas de interesse pr\u00e1tico e transversais a todas as profiss\u00f5es, nomeadamente, regras para elabora\u00e7\u00e3o do Curriculum Vitae, de uma Monografia, legisla\u00e7\u00e3o dos Concursos e Avalia\u00e7\u00e3o do Desempenho na Administra\u00e7\u00e3o P\u00fablica e outros.<\/span><\/p>\n<p><span style=\"color: #000000; font-family: helvetica; font-size: 10pt;\"> Alguns cursos realizaram-se nas nossas instala\u00e7\u00f5es no Porto e em Lisboa, frequentados por profissionais de Sa\u00fade em exerc\u00edcio nas Institui\u00e7\u00f5es de Portugal.<\/span><\/p>\n<p><span style=\"color: #000000; font-family: helvetica; font-size: 10pt;\"> <b>OUTROS EVENTOS<\/b><br \/>\nEm \u00e9poca de mudan\u00e7a ou transforma\u00e7\u00e3o o SINDITE organizou Jornadas ou Encontros de \u00e2mbito nacional com o objetivo de encontrar respostas ou refletir sobre assuntos de especial interesse para os profissionais.<\/span><\/p>\n<p><span style=\"color: #000000; font-family: helvetica; font-size: 10pt;\"> Em Dezembro de 1984<br \/>\nRealizaram-se as Jornadas sobre \u201cDefini\u00e7\u00e3o de Conte\u00fados Funcionais\u201d, em Oeiras, que deram origem aos conte\u00fados funcionais de cada profiss\u00e3o.<\/span><\/p>\n<p><span style=\"color: #000000; font-family: helvetica; font-size: 10pt;\"> Em Mar\u00e7o de 1985<br \/>\nE porque se avizinhava a negocia\u00e7\u00e3o de uma nova Carreira, foram levadas a efeito, em Tr\u00f3ia, umas Jornadas sobre \u201cElabora\u00e7\u00e3o da Carreira dos TDT\u201d, que muito contribu\u00edram para o D.L. n.\u00ba 384-B\/85, publicado a 30 de Setembro.<\/span><\/p>\n<p><span style=\"color: #000000; font-family: helvetica; font-size: 10pt;\"> Em Junho de 1998<br \/>\nEm Coimbra, realizou-se o \u201cI Encontro de Reflex\u00e3o dos TDT\u201d, com os temas de:<br \/>\n&#8211; Coordena\u00e7\u00e3o dos Servi\u00e7os<br \/>\n&#8211; O Ensino das Tecnologias da Sa\u00fade<br \/>\n&#8211; Consciencializa\u00e7\u00e3o Profissional<\/span><\/p>\n<p><span style=\"color: #000000; font-family: helvetica; font-size: 10pt;\"> Em Junho de 2000<br \/>\nO \u201cII Encontro de Reflex\u00e3o dos TDT\u201d, em Tomar, abordou:<br \/>\n&#8211; Qualidade dos Servi\u00e7os de Sa\u00fade.<br \/>\n&#8211; Complementaridade numa Equipa de Sa\u00fade.<br \/>\n&#8211; Licenciaturas: biet\u00e1picas ou de raiz?<br \/>\n&#8211; Carreira \u2013 que futuro?<\/span><\/p>\n<p><span style=\"color: #000000; font-family: helvetica; font-size: 10pt;\"> Em Maio de 2002<br \/>\nEm Lisboa, o \u201cIII Encontro de Reflex\u00e3o dos TDT\u201d, abordou:<br \/>\n&#8211; Investiga\u00e7\u00e3o e Desenvolvimento Profissional.<br \/>\n&#8211; Perfis Profissionais \/ \u00c9tica nos Servi\u00e7os de Sa\u00fade.<br \/>\n&#8211; Import\u00e2ncia do Ensino e Pr\u00e1tica de Gest\u00e3o na Actividade dos TDT.<\/span><\/p>\n<p><span style=\"color: #000000; font-family: helvetica; font-size: 10pt;\"> Em Maio de 2004<br \/>\nNa Maia, o Semin\u00e1rio \u201c Empreendorismo em Sa\u00fade\u201d abordou: <br \/>\n&#8211; Experi\u00eancias de financiamento de projectos internacionais na Sa\u00fade.<br \/>\n&#8211; As Organiza\u00e7\u00f5es de sa\u00fade em mudan\u00e7a.<br \/>\n&#8211; O e-learning e as profiss\u00f5es de Sa\u00fade<\/span><\/p>\n<p><span style=\"color: #000000; font-family: helvetica; font-size: 10pt;\"> Em Maio de 2005<br \/>\nCruzeiro no Rio Douro, onde se comemorou os 25 Anos do SINDITE e simultaneamente o Semin\u00e1rio \u201c Cidadania Organizacional\u201d.<\/span><\/p>\n<p><span style=\"color: #000000; font-family: helvetica; font-size: 10pt;\"> Em Maio de 2007<br \/>\nNo Vimeiro, o \u201c IV Encontro de Reflex\u00e3o dos TDT\u201d, abordou:<br \/>\n&#8211; Autoregula\u00e7\u00e3o, Emprego e Empreendedorismo.<br \/>\n&#8211; Ensino: Processo de Bolonha.<br \/>\n&#8211; Reforma da AP: Carreiras, V\u00ednculos e Remunera\u00e7\u00f5es.<br \/>\n&#8211; \u00c9tica e Deontologia em Sa\u00fade.<\/span><\/p>\n<p><span style=\"font-family: helvetica; font-size: 10pt;\"><span style=\"color: #000000;\"> Todos estes eventos foram participados por T\u00e9cnicos de todas as regi\u00f5es do Pa\u00eds, que muito contribu\u00edram para um frutuoso debate dos temas. <\/span> <span style=\"color: #666666;\">\u00a0 <\/span><\/span><\/p>\n<p>&lt;colu<\/p>\n","protected":false},"excerpt":{"rendered":"<p>Assembleia Constituinte 13 de Dezembro de 1979 Estatutos publicados em BTE 08 de Mar\u00e7o de 1980 Congressos: 1.\u00ba &#8211; 28 de Junho de 1980 \u2013 Porto 2.\u00ba &#8211; 19 de Junho de 1983 \u2013 Espinho 3.\u00ba &#8211; 27 de Junho de 1987 \u2013 Lisboa 4.\u00ba &#8211; 27 de Junho de 1992 \u2013 Lisboa 5.\u00ba &#8211; [&hellip;]<\/p>\n","protected":false},"author":3,"featured_media":0,"parent":0,"menu_order":0,"comment_status":"closed","ping_status":"closed","template":"","meta":{"footnotes":""},"class_list":["post-1136","page","type-page","status-publish","hentry"],"_links":{"self":[{"href":"https:\/\/www.sindite.pt\/index.php?rest_route=\/wp\/v2\/pages\/1136","targetHints":{"allow":["GET"]}}],"collection":[{"href":"https:\/\/www.sindite.pt\/index.php?rest_route=\/wp\/v2\/pages"}],"about":[{"href":"https:\/\/www.sindite.pt\/index.php?rest_route=\/wp\/v2\/types\/page"}],"author":[{"embeddable":true,"href":"https:\/\/www.sindite.pt\/index.php?rest_route=\/wp\/v2\/users\/3"}],"replies":[{"embeddable":true,"href":"https:\/\/www.sindite.pt\/index.php?rest_route=%2Fwp%2Fv2%2Fcomments&post=1136"}],"version-history":[{"count":2,"href":"https:\/\/www.sindite.pt\/index.php?rest_route=\/wp\/v2\/pages\/1136\/revisions"}],"predecessor-version":[{"id":3619,"href":"https:\/\/www.sindite.pt\/index.php?rest_route=\/wp\/v2\/pages\/1136\/revisions\/3619"}],"wp:attachment":[{"href":"https:\/\/www.sindite.pt\/index.php?rest_route=%2Fwp%2Fv2%2Fmedia&parent=1136"}],"curies":[{"name":"wp","href":"https:\/\/api.w.org\/{rel}","templated":true}]}}