{"id":1132,"date":"2015-07-04T10:44:51","date_gmt":"2015-07-04T10:44:51","guid":{"rendered":"http:\/\/www.sindite.pt\/?page_id=1132"},"modified":"2024-01-19T15:18:49","modified_gmt":"2024-01-19T15:18:49","slug":"profissoes","status":"publish","type":"page","link":"https:\/\/www.sindite.pt\/?page_id=1132","title":{"rendered":"T\u00e9cnicos Superiores de Diagn\u00f3stico e Terap\u00eautica"},"content":{"rendered":"<table style=\"width: 800px; background-color: #ffffff;\" border=\"0\" cellspacing=\"35\" align=\"center\">\n<caption>\u00a0<\/caption>\n<tbody>\n<tr valign=\"MIDDLE\">\n<td style=\"width: 300px; text-align: justify;\">\n<h2 style=\"text-align: left;\"><span style=\"font-size: 11pt; color: #000000; font-family: Calibri;\">Audiologia<\/span><\/h2>\n<\/td>\n<td style=\"text-align: justify;\"><span style=\"font-size: 10pt; color: #000000; font-family: helvetica;\"><strong>T\u00e9cnico de Audiologia<\/strong> &#8211; desenvolvimento de actividades no \u00e2mbito da preven\u00e7\u00e3o e conserva\u00e7\u00e3o da audi\u00e7\u00e3o, do diagn\u00f3stico e da reabilita\u00e7\u00e3o auditiva, bem como no dom\u00ednio da funcionalidade vestibular.<\/span><\/td>\n<\/tr>\n<\/tbody>\n<\/table>\n<hr \/>\n<table style=\"width: 800px; background-color: #ffffff;\" border=\"0\" cellspacing=\"35\" align=\"center\">\n<caption>\u00a0<\/caption>\n<tbody>\n<tr valign=\"MIDDLE\">\n<td style=\"width: 300px; text-align: justify;\">\n<h2 style=\"text-align: left;\"><span style=\"font-size: 11pt; color: #000000; font-family: Calibri;\">An\u00e1lises Cl\u00ednicas e Sa\u00fade P\u00fablica<\/span><\/h2>\n<\/td>\n<td style=\"text-align: justify;\"><span style=\"font-size: 10pt; color: #000000; font-family: helvetica;\"><strong>T\u00e9cnico de An\u00e1lises Cl\u00ednicas e de Sa\u00fade P\u00fablica<\/strong> &#8211; desenvolvimento de actividades ao n\u00edvel da patologia cl\u00ednica, imunologia, hematologia cl\u00ednica, gen\u00e9tica e sa\u00fade p\u00fablica, atrav\u00e9s do estudo, aplica\u00e7\u00e3o e avalia\u00e7\u00e3o das t\u00e9cnicas e m\u00e9todos anal\u00edticos pr\u00f3prios, com fins de diagn\u00f3stico e de rastreio<\/span><\/td>\n<\/tr>\n<\/tbody>\n<\/table>\n<hr \/>\n<table style=\"width: 800px; background-color: #ffffff;\" border=\"0\" cellspacing=\"35\" align=\"center\">\n<caption>\u00a0<\/caption>\n<tbody>\n<tr valign=\"MIDDLE\">\n<td style=\"width: 300px; text-align: justify;\">\n<h2 style=\"text-align: left;\"><span style=\"font-size: 11pt; color: #000000; font-family: Calibri;\">Anatomia Patol\u00f3gica, Cit. e Tanatol\u00f3gica<\/span><\/h2>\n<\/td>\n<td style=\"text-align: justify;\"><span style=\"font-size: 10pt; color: #000000; font-family: helvetica;\"><strong>T\u00e9cnico de Anatomia Patol\u00f3gica, Citol\u00f3gica e Tanatol\u00f3gica<\/strong> &#8211; tratamento de tecidos biol\u00f3gicos colhidos no organismo vivo ou morto com observa\u00e7\u00e3o macrosc\u00f3pica e microsc\u00f3pica, \u00f3ptica e electr\u00f3nica, com vista ao diagn\u00f3stico an\u00e1tomo-patol\u00f3gico; realiza\u00e7\u00e3o de montagem de pe\u00e7as anat\u00f3micas para fins de ensino e forma\u00e7\u00e3o; execu\u00e7\u00e3o e controlo das diversas fases da t\u00e9cnica citol\u00f3gica.<\/span><\/td>\n<\/tr>\n<\/tbody>\n<\/table>\n<hr \/>\n<table style=\"width: 800px; background-color: #ffffff;\" border=\"0\" cellspacing=\"35\" align=\"center\">\n<caption>\u00a0<\/caption>\n<tbody>\n<tr valign=\"MIDDLE\">\n<td style=\"width: 300px; text-align: left;\">\n<h2 style=\"text-align: left;\"><span style=\"font-size: 11pt; color: #000000; font-family: Calibri;\">Cardiopneumologia<\/span><\/h2>\n<\/td>\n<td style=\"text-align: justify;\"><span style=\"font-size: 10pt; color: #000000; font-family: helvetica;\"><strong>T\u00e9cnico de Cardiopneumologia<\/strong> &#8211; desenvolvimento de actividades t\u00e9cnicas para o estudo funcional e de capacidade anatomo-fisiopatol\u00f3gica do cora\u00e7\u00e3o, vasos e pulm\u00f5es e de actividades ao n\u00edvel da programa\u00e7\u00e3o, aplica\u00e7\u00e3o de meios de diagn\u00f3stico e sua avalia\u00e7\u00e3o, bem como no desenvolvimento de ac\u00e7\u00f5es terap\u00eauticas espec\u00edficas, no \u00e2mbito da cardiologia, pneumologia e cirurgia cardio-tor\u00e1cica.<\/span><\/td>\n<\/tr>\n<\/tbody>\n<\/table>\n<hr \/>\n<table style=\"width: 800px; background-color: #ffffff;\" border=\"0\" cellspacing=\"35\" align=\"center\">\n<caption>\u00a0<\/caption>\n<tbody>\n<tr valign=\"MIDDLE\">\n<td style=\"width: 300px; text-align: left;\">\n<h2 style=\"text-align: left;\"><span style=\"font-size: 11pt; color: #000000; font-family: Calibri;\">Diet\u00e9tica<\/span><\/h2>\n<\/td>\n<td style=\"text-align: justify;\"><span style=\"font-size: 10pt; color: #000000; font-family: helvetica;\"><strong>Dietista<\/strong> &#8211; aplica\u00e7\u00e3o de conhecimentos de nutri\u00e7\u00e3o e diet\u00e9tica na sa\u00fade em geral e na educa\u00e7\u00e3o de grupos e indiv\u00edduos, quer em situa\u00e7\u00e3o de bem-estar quer na doen\u00e7a, designadamente no dom\u00ednio da promo\u00e7\u00e3o e tratamento e da gest\u00e3o de recursos alimentares.<\/span><\/td>\n<\/tr>\n<\/tbody>\n<\/table>\n<hr \/>\n<table style=\"width: 800px; background-color: #ffffff;\" border=\"0\" cellspacing=\"35\" align=\"center\">\n<caption>\u00a0<\/caption>\n<tbody>\n<tr valign=\"MIDDLE\">\n<td style=\"width: 300px; text-align: justify;\">\n<h2 style=\"text-align: left;\"><span style=\"font-size: 11pt; color: #000000; font-family: Calibri;\">Farm\u00e1cia<\/span><\/h2>\n<\/td>\n<td style=\"text-align: justify;\"><span style=\"font-size: 10pt; color: #000000; font-family: helvetica;\"><strong>T\u00e9cnico de Farm\u00e1cia<\/strong> &#8211; desenvolvimento de actividades no circuito do medicamento, tais como an\u00e1lises e ensaios farmacol\u00f3gicos; interpreta\u00e7\u00e3o da prescri\u00e7\u00e3o terap\u00eautica e de f\u00f3rmulas farmac\u00eauticas, sua prepara\u00e7\u00e3o, identifica\u00e7\u00e3o e distribui\u00e7\u00e3o, controlo da conserva\u00e7\u00e3o, distribui\u00e7\u00e3o e stocks de medicamentos e outros produtos, informa\u00e7\u00e3o e aconselhamento sobre o uso do medicamento.<\/span><\/td>\n<\/tr>\n<\/tbody>\n<\/table>\n<hr \/>\n<table style=\"width: 800px; background-color: #ffffff;\" border=\"0\" cellspacing=\"35\" align=\"center\">\n<caption>\u00a0<\/caption>\n<tbody>\n<tr valign=\"MIDDLE\">\n<td style=\"width: 300px; text-align: justify;\">\n<h2 style=\"text-align: left;\"><span style=\"font-size: 11pt; color: #000000; font-family: Calibri;\">Fisioterapia<\/span><\/h2>\n<\/td>\n<td style=\"text-align: justify;\"><span style=\"font-size: 10pt; color: #000000; font-family: helvetica;\"><strong>Fisioterapeuta<\/strong> &#8211; centra-se na an\u00e1lise e avalia\u00e7\u00e3o do movimento e da postura, baseadas na estrutura e fun\u00e7\u00e3o do corpo, utilizando modalidades educativas e terap\u00eauticas espec\u00edficas, com base, essencialmente, no movimento, nas terapias manipulativas e em meios f\u00edsicos e naturais, com a finalidade de promo\u00e7\u00e3o da sa\u00fade e preven\u00e7\u00e3o da doen\u00e7a, da defici\u00eancia, de incapacidade e da inadapta\u00e7\u00e3o e de tratar, habilitar ou reabilitar indiv\u00edduos com disfun\u00e7\u00f5es de natureza f\u00edsica, mental, de desenvolvimento ou outras, incluindo a dor, com o objectivo de os ajudar a atingir a m\u00e1xima funcionalidade e qualidade de vida.<\/span><\/td>\n<\/tr>\n<\/tbody>\n<\/table>\n<hr \/>\n<table style=\"width: 800px; background-color: #ffffff;\" border=\"0\" cellspacing=\"35\" align=\"center\">\n<caption>\u00a0<\/caption>\n<tbody>\n<tr valign=\"MIDDLE\">\n<td style=\"width: 300px; text-align: justify;\">\n<h2 style=\"text-align: left;\"><span style=\"font-size: 11pt; color: #000000; font-family: Calibri;\">Higiene Oral<br \/>\n<\/span><\/h2>\n<\/td>\n<td style=\"text-align: justify;\"><span style=\"font-size: 10pt; color: #000000; font-family: helvetica;\"><strong>Higienista Oral<\/strong> &#8211; realiza\u00e7\u00e3o de actividades de promo\u00e7\u00e3o da sa\u00fade oral dos indiv\u00edduos e das comunidades, visando m\u00e9todos epidemiol\u00f3gicos e ac\u00e7\u00f5es de educa\u00e7\u00e3o para a sa\u00fade; presta\u00e7\u00e3o de cuidados individuais que visem prevenir e tratar as doen\u00e7as orais.<\/span><\/td>\n<\/tr>\n<\/tbody>\n<\/table>\n<hr \/>\n<table style=\"width: 800px; background-color: #ffffff;\" border=\"0\" cellspacing=\"35\" align=\"center\">\n<caption>\u00a0<\/caption>\n<tbody>\n<tr valign=\"MIDDLE\">\n<td style=\"width: 300px; text-align: left;\">\n<h2 style=\"text-align: left;\"><span style=\"font-size: 11pt; color: #000000; font-family: Calibri;\">Medicina Nuclear<\/span><\/h2>\n<\/td>\n<td style=\"text-align: justify;\"><span style=\"font-size: 10pt; color: #000000; font-family: helvetica;\"><strong>T\u00e9cnico de Medicina Nuclear<\/strong> &#8211; desenvolvimento de ac\u00e7\u00f5es nas \u00e1reas de laborat\u00f3rio cl\u00ednico, de medicina nuclear e de t\u00e9cnica fotogr\u00e1fica com manuseamento de aparelhagem e produtos radioactivos, bem como execu\u00e7\u00e3o de exames morfol\u00f3gicos associados ao emprego de agentes radioactivos e estudos din\u00e2micos e cin\u00e9ticos com os mesmos agentes e com testagem de produtos radioactivos, utilizando t\u00e9cnicas e normas de protec\u00e7\u00e3o e seguran\u00e7a radiol\u00f3gica no manuseamento de radia\u00e7\u00f5es ionizantes.<\/span><\/td>\n<\/tr>\n<\/tbody>\n<\/table>\n<hr \/>\n<table style=\"width: 800px; background-color: #ffffff;\" border=\"0\" cellspacing=\"35\" align=\"center\">\n<caption>\u00a0<\/caption>\n<tbody>\n<tr valign=\"MIDDLE\">\n<td style=\"width: 300px; text-align: justify;\">\n<h2 style=\"text-align: left;\"><span style=\"font-size: 11pt; color: #000000; font-family: Calibri;\">Neurofisiologia<\/span><\/h2>\n<\/td>\n<td style=\"text-align: justify;\"><span style=\"font-size: 10pt; color: #000000; font-family: helvetica;\"><strong>T\u00e9cnico de Neurofisiologia<\/strong> &#8211; realiza\u00e7\u00e3o de registos da actividade bioel\u00e9ctrica do sistema nervoso central e perif\u00e9rico, como meio de diagn\u00f3stico na \u00e1rea da neurofisiologia, com particular incid\u00eancia nas patologias do foro neurol\u00f3gico e neurocir\u00fargico, recorrendo a t\u00e9cnicas convencionais e ou computorizadas.<\/span><\/td>\n<\/tr>\n<\/tbody>\n<\/table>\n<hr \/>\n<table style=\"width: 800px; background-color: #ffffff;\" border=\"0\" cellspacing=\"35\" align=\"center\">\n<caption>\u00a0<\/caption>\n<tbody>\n<tr valign=\"MIDDLE\">\n<td style=\"width: 300px; text-align: left;\">\n<h2><span style=\"font-size: 11pt; color: #000000; font-family: Calibri;\">Ortoprotesia<\/span><\/h2>\n<\/td>\n<td style=\"text-align: justify;\"><span style=\"font-size: 10pt; color: #000000; font-family: helvetica;\"><strong>Ortoprot\u00e9sico <\/strong>&#8211; avalia\u00e7\u00e3o de indiv\u00edduos com problemas motores ou posturais, com a finalidade de conceber, desenhar e aplicar os dispositivos necess\u00e1rios e mais adequados \u00e0 corre\u00e7\u00e3o do aparelho locomotor, ou \u00e0 sua substitui\u00e7\u00e3o no caso de amputa\u00e7\u00f5es, e de desenvolvimento de ac\u00e7\u00f5es visando assegurar a coloca\u00e7\u00e3o dos dispositivos fabricados e respectivo ajustamento, quando necess\u00e1rio.<\/span><\/td>\n<\/tr>\n<\/tbody>\n<\/table>\n<hr \/>\n<table style=\"width: 800px; background-color: #ffffff;\" border=\"0\" cellspacing=\"35\" align=\"center\">\n<caption>\u00a0<\/caption>\n<tbody>\n<tr valign=\"MIDDLE\">\n<td style=\"width: 300px; text-align: justify;\">\n<h2 style=\"text-align: left;\"><span style=\"font-size: 11pt; color: #000000; font-family: Calibri;\">Ort\u00f3ptica<\/span><\/h2>\n<\/td>\n<td style=\"text-align: justify;\"><span style=\"font-size: 10pt; color: #000000; font-family: helvetica;\"><strong>Ortoptista<\/strong> &#8211; desenvolvimento de actividades no campo do diagn\u00f3stico e tratamento dos dist\u00farbios da motilidade ocular, vis\u00e3o binocular e anomalias associadas; realiza\u00e7\u00e3o de exames para corre\u00e7\u00e3o refractiva e adapta\u00e7\u00e3o de lentes de contacto, bem como para an\u00e1lise da fun\u00e7\u00e3o visual e avalia\u00e7\u00e3o da condu\u00e7\u00e3o nervosa do est\u00edmulo visual e das defici\u00eancias do campo visual; programa\u00e7\u00e3o e utiliza\u00e7\u00e3o de terap\u00eauticas espec\u00edficas de recupera\u00e7\u00e3o e reeduca\u00e7\u00e3o das perturba\u00e7\u00f5es da vis\u00e3o binocular e da subvis\u00e3o; ac\u00e7\u00f5es de sensibiliza\u00e7\u00e3o, programas de rastreio e preven\u00e7\u00e3o no \u00e2mbito da promo\u00e7\u00e3o e educa\u00e7\u00e3o para a sa\u00fade.<\/span><\/td>\n<\/tr>\n<\/tbody>\n<\/table>\n<hr \/>\n<table style=\"width: 800px; background-color: #ffffff;\" border=\"0\" cellspacing=\"35\" align=\"center\">\n<caption>\u00a0<\/caption>\n<tbody>\n<tr valign=\"MIDDLE\">\n<td style=\"width: 300px; text-align: left;\">\n<h2><span style=\"font-size: 11pt; color: #000000; font-family: Calibri;\">Pr\u00f3tese Dent\u00e1ria<br \/>\n<\/span><\/h2>\n<\/td>\n<td style=\"text-align: justify;\"><span style=\"font-size: 10pt; color: #000000; font-family: helvetica;\"><strong>T\u00e9cnico de Pr\u00f3tese Dent\u00e1ria<\/strong> &#8211; realiza\u00e7\u00e3o de actividades no dom\u00ednio do desenho, prepara\u00e7\u00e3o, fabrico, modifica\u00e7\u00e3o e repara\u00e7\u00e3o de pr\u00f3teses dent\u00e1rias, mediante a utiliza\u00e7\u00e3o de produtos, t\u00e9cnicas e procedimentos adequados.<\/span><\/td>\n<\/tr>\n<\/tbody>\n<\/table>\n<hr \/>\n<table style=\"width: 800px; background-color: #ffffff;\" border=\"0\" cellspacing=\"35\" align=\"center\">\n<caption>\u00a0<\/caption>\n<tbody>\n<tr valign=\"MIDDLE\">\n<td style=\"width: 300px; text-align: left;\">\n<h2><span style=\"font-size: 11pt; color: #000000; font-family: Calibri;\">Radiologia<\/span><\/h2>\n<\/td>\n<td style=\"text-align: justify;\"><span style=\"font-size: 10pt; color: #000000; font-family: helvetica;\"><strong>T\u00e9cnico de Radiologia<\/strong> &#8211; realiza\u00e7\u00e3o de todos os exames da \u00e1rea da radiologia de diagn\u00f3stico m\u00e9dico, programa\u00e7\u00e3o, execu\u00e7\u00e3o e avalia\u00e7\u00e3o de todas as t\u00e9cnicas radiol\u00f3gicas que interv\u00eam na preven\u00e7\u00e3o e promo\u00e7\u00e3o da sa\u00fade; utiliza\u00e7\u00e3o de t\u00e9cnicas e normas de protec\u00e7\u00e3o e seguran\u00e7a radiol\u00f3gica no manuseamento com radia\u00e7\u00f5es ionizantes.<\/span><\/td>\n<\/tr>\n<\/tbody>\n<\/table>\n<hr \/>\n<table style=\"width: 800px; background-color: #ffffff;\" border=\"0\" cellspacing=\"35\" align=\"center\">\n<caption>\u00a0<\/caption>\n<tbody>\n<tr valign=\"MIDDLE\">\n<td style=\"width: 300px; text-align: justify;\">\n<h2 style=\"text-align: left;\"><span style=\"font-size: 11pt; color: #000000; font-family: Calibri;\">Radioterapia<\/span><\/h2>\n<\/td>\n<td style=\"text-align: justify;\"><span style=\"font-size: 10pt; color: #000000; font-family: helvetica;\"><strong>T\u00e9cnico de Radioterapia<\/strong> &#8211; desenvolvimento de actividades terap\u00eauticas atrav\u00e9s da utiliza\u00e7\u00e3o de radia\u00e7\u00e3o ionizante para tratamentos, incluindo o pr\u00e9-diagn\u00f3stico e follow-up do doente; prepara\u00e7\u00e3o, verifica\u00e7\u00e3o, assentamento e manobras de aparelhos de radioterapia; actua\u00e7\u00e3o nas \u00e1reas de utiliza\u00e7\u00e3o de t\u00e9cnicas e normas de protec\u00e7\u00e3o e seguran\u00e7a radiol\u00f3gica no manuseamento com radia\u00e7\u00f5es ionizantes.<\/span><\/td>\n<\/tr>\n<\/tbody>\n<\/table>\n<hr \/>\n<table style=\"width: 800px; background-color: #ffffff;\" border=\"0\" cellspacing=\"35\" align=\"center\">\n<caption>\u00a0<\/caption>\n<tbody>\n<tr valign=\"MIDDLE\">\n<td style=\"width: 300px; text-align: justify;\">\n<h2 style=\"text-align: left;\"><span style=\"font-size: 11pt; color: #000000; font-family: Calibri;\">Sa\u00fade Ambiental<br \/>\n<\/span><\/h2>\n<\/td>\n<td style=\"text-align: justify;\"><span style=\"font-size: 10pt; color: #000000; font-family: helvetica;\"><strong>T\u00e9cnico de Sa\u00fade Ambiental<\/strong> &#8211; desenvolvimento de actividades de identifica\u00e7\u00e3o, caracteriza\u00e7\u00e3o e redu\u00e7\u00e3o de factores de risco para a sa\u00fade originados no ambiente, participa\u00e7\u00e3o no planeamento de ac\u00e7\u00f5es de sa\u00fade ambiental e em ac\u00e7\u00f5es de educa\u00e7\u00e3o para a sa\u00fade em grupos espec\u00edficos da comunidade, bem como desenvolvimento de ac\u00e7\u00f5es de controlo e vigil\u00e2ncia sanit\u00e1ria de sistemas, estruturas e actividades com interac\u00e7\u00e3o no ambiente, no \u00e2mbito da legisla\u00e7\u00e3o sobre higiene e sa\u00fade ambiental.<\/span><\/td>\n<\/tr>\n<\/tbody>\n<\/table>\n<hr \/>\n<table style=\"width: 800px; background-color: #ffffff;\" border=\"0\" cellspacing=\"35\" align=\"center\">\n<caption>\u00a0<\/caption>\n<tbody>\n<tr valign=\"MIDDLE\">\n<td style=\"width: 300px; text-align: justify;\">\n<h2 style=\"text-align: left;\"><span style=\"font-size: 11pt; color: #000000; font-family: Calibri;\">Terapia da Fala<br \/>\n<\/span><\/h2>\n<\/td>\n<td style=\"text-align: justify;\"><span style=\"font-size: 10pt; color: #000000; font-family: helvetica;\"><strong>Terapeuta da Fala<\/strong> &#8211; desenvolvimento de actividades no \u00e2mbito da preven\u00e7\u00e3o, avalia\u00e7\u00e3o e tratamento das perturba\u00e7\u00f5es da comunica\u00e7\u00e3o humana, englobando n\u00e3o s\u00f3 todas as fun\u00e7\u00f5es associadas \u00e0 compreens\u00e3o e express\u00e3o da linguagem oral e escrita mas tamb\u00e9m outras formas de comunica\u00e7\u00e3o n\u00e3o verbal.<\/span><\/td>\n<\/tr>\n<\/tbody>\n<\/table>\n<hr \/>\n<table style=\"width: 800px; background-color: #ffffff;\" border=\"0\" cellspacing=\"35\" align=\"center\">\n<caption>\u00a0<\/caption>\n<tbody>\n<tr valign=\"MIDDLE\">\n<td style=\"width: 300px; text-align: justify;\">\n<h2 style=\"text-align: left;\"><span style=\"font-size: 11pt; color: #000000; font-family: Calibri;\">Terapia Ocupacional<br \/>\n<\/span><\/h2>\n<\/td>\n<td style=\"text-align: justify;\"><span style=\"font-size: 10pt; color: #000000; font-family: helvetica;\"><strong>Terapeuta Ocupacional<\/strong> &#8211; avalia\u00e7\u00e3o, tratamento e habilita\u00e7\u00e3o de indiv\u00edduos com disfun\u00e7\u00e3o f\u00edsica, mental, de desenvolvimento, social ou outras, utilizando t\u00e9cnicas terap\u00eauticas integradas em actividades seleccionadas consoante o objectivo pretendido e enquadradas na rela\u00e7\u00e3o terapeuta\/utente; preven\u00e7\u00e3o da incapacidade atrav\u00e9s de estrat\u00e9gias adequadas com vista a proporcionar ao indiv\u00edduo o m\u00e1ximo de desempenho e autonomia nas suas fun\u00e7\u00f5es pessoais, sociais e profissionais e, se necess\u00e1rio, o estudo e desenvolvimento das respectivas ajudas t\u00e9cnicas, em ordem a contribuir para uma melhoria da qualidade de vida.<\/span><\/td>\n<\/tr>\n<\/tbody>\n<\/table>\n","protected":false},"excerpt":{"rendered":"<p>\u00a0 Audiologia T\u00e9cnico de Audiologia &#8211; desenvolvimento de actividades no \u00e2mbito da preven\u00e7\u00e3o e conserva\u00e7\u00e3o da audi\u00e7\u00e3o, do diagn\u00f3stico e da reabilita\u00e7\u00e3o auditiva, bem como no dom\u00ednio da funcionalidade vestibular. \u00a0 An\u00e1lises Cl\u00ednicas e Sa\u00fade P\u00fablica T\u00e9cnico de An\u00e1lises Cl\u00ednicas e de Sa\u00fade P\u00fablica &#8211; desenvolvimento de actividades ao n\u00edvel da patologia cl\u00ednica, imunologia, hematologia [&hellip;]<\/p>\n","protected":false},"author":3,"featured_media":0,"parent":0,"menu_order":0,"comment_status":"closed","ping_status":"closed","template":"","meta":{"footnotes":""},"class_list":["post-1132","page","type-page","status-publish","hentry"],"_links":{"self":[{"href":"https:\/\/www.sindite.pt\/index.php?rest_route=\/wp\/v2\/pages\/1132","targetHints":{"allow":["GET"]}}],"collection":[{"href":"https:\/\/www.sindite.pt\/index.php?rest_route=\/wp\/v2\/pages"}],"about":[{"href":"https:\/\/www.sindite.pt\/index.php?rest_route=\/wp\/v2\/types\/page"}],"author":[{"embeddable":true,"href":"https:\/\/www.sindite.pt\/index.php?rest_route=\/wp\/v2\/users\/3"}],"replies":[{"embeddable":true,"href":"https:\/\/www.sindite.pt\/index.php?rest_route=%2Fwp%2Fv2%2Fcomments&post=1132"}],"version-history":[{"count":2,"href":"https:\/\/www.sindite.pt\/index.php?rest_route=\/wp\/v2\/pages\/1132\/revisions"}],"predecessor-version":[{"id":3911,"href":"https:\/\/www.sindite.pt\/index.php?rest_route=\/wp\/v2\/pages\/1132\/revisions\/3911"}],"wp:attachment":[{"href":"https:\/\/www.sindite.pt\/index.php?rest_route=%2Fwp%2Fv2%2Fmedia&parent=1132"}],"curies":[{"name":"wp","href":"https:\/\/api.w.org\/{rel}","templated":true}]}}